{"id":11868,"date":"2025-04-29T14:17:32","date_gmt":"2025-04-29T12:17:32","guid":{"rendered":"https:\/\/www.grossarler-bergbahnen.at\/imprint\/"},"modified":"2025-11-06T12:01:13","modified_gmt":"2025-11-06T11:01:13","slug":"imprint","status":"publish","type":"page","link":"https:\/\/www.grossarler-bergbahnen.at\/en\/imprint\/","title":{"rendered":"Imprint"},"content":{"rendered":"\t\t<div data-elementor-type=\"wp-page\" data-elementor-id=\"11868\" class=\"elementor elementor-11868 elementor-35\" data-elementor-post-type=\"page\">\n\t\t\t\t<div data-dp-seasons=\"sommer,winter\" class=\"elementor-element elementor-element-5d86d948 text-section e-con-full e-flex e-con e-parent\" data-id=\"5d86d948\" data-element_type=\"container\" data-e-type=\"container\">\n\t\t<div data-dp-seasons=\"sommer,winter\" class=\"elementor-element elementor-element-1fed69d4 e-con-full e-flex e-con e-child\" data-id=\"1fed69d4\" data-element_type=\"container\" data-e-type=\"container\" data-settings=\"{&quot;position&quot;:&quot;absolute&quot;,&quot;background_background&quot;:&quot;classic&quot;}\">\n\t\t\t\t<div data-dp-seasons=\"sommer,winter\" class=\"elementor-element elementor-element-40444e7b e-transform elementor-widget elementor-widget-image\" data-id=\"40444e7b\" data-element_type=\"widget\" data-e-type=\"widget\" data-settings=\"{&quot;_transform_translateX_effect&quot;:{&quot;unit&quot;:&quot;px&quot;,&quot;size&quot;:5,&quot;sizes&quot;:[]},&quot;_transform_translateY_effect&quot;:{&quot;unit&quot;:&quot;px&quot;,&quot;size&quot;:5,&quot;sizes&quot;:[]},&quot;_transform_translateY_effect_laptop&quot;:{&quot;unit&quot;:&quot;px&quot;,&quot;size&quot;:1,&quot;sizes&quot;:[]},&quot;_transform_translateX_effect_laptop&quot;:{&quot;unit&quot;:&quot;px&quot;,&quot;size&quot;:&quot;&quot;,&quot;sizes&quot;:[]},&quot;_transform_translateX_effect_tablet&quot;:{&quot;unit&quot;:&quot;px&quot;,&quot;size&quot;:&quot;&quot;,&quot;sizes&quot;:[]},&quot;_transform_translateX_effect_mobile&quot;:{&quot;unit&quot;:&quot;px&quot;,&quot;size&quot;:&quot;&quot;,&quot;sizes&quot;:[]},&quot;_transform_translateY_effect_tablet&quot;:{&quot;unit&quot;:&quot;px&quot;,&quot;size&quot;:&quot;&quot;,&quot;sizes&quot;:[]},&quot;_transform_translateY_effect_mobile&quot;:{&quot;unit&quot;:&quot;px&quot;,&quot;size&quot;:&quot;&quot;,&quot;sizes&quot;:[]}}\" data-widget_type=\"image.default\">\n\t\t\t\t\t\t\t\t\t\t\t\t\t\t\t<img fetchpriority=\"high\" decoding=\"async\" width=\"1200\" height=\"938\" src=\"https:\/\/www.grossarler-bergbahnen.at\/wp-content\/uploads\/logo-berg-hintergrund-kontur.webp\" class=\"attachment-full size-full wp-image-2009\" alt=\"\" srcset=\"https:\/\/www.grossarler-bergbahnen.at\/wp-content\/uploads\/logo-berg-hintergrund-kontur.webp 1200w, https:\/\/www.grossarler-bergbahnen.at\/wp-content\/uploads\/logo-berg-hintergrund-kontur-600x469.webp 600w, https:\/\/www.grossarler-bergbahnen.at\/wp-content\/uploads\/logo-berg-hintergrund-kontur-1024x800.webp 1024w, https:\/\/www.grossarler-bergbahnen.at\/wp-content\/uploads\/logo-berg-hintergrund-kontur-768x600.webp 768w\" sizes=\"(max-width: 1200px) 100vw, 1200px\">\t\t\t\t\t\t\t\t\t\t\t\t\t\t\t<\/div>\n\t\t\t\t<\/div>\n\t\t<div data-dp-seasons=\"sommer,winter\" class=\"elementor-element elementor-element-59d3d6ac e-flex e-con-boxed e-con e-child\" data-id=\"59d3d6ac\" data-element_type=\"container\" data-e-type=\"container\">\n\t\t\t\t\t<div class=\"e-con-inner\">\n\t\t\t\t<div data-dp-seasons=\"sommer,winter\" class=\"elementor-element elementor-element-700d1d64 elementor-widget elementor-widget-heading\" data-id=\"700d1d64\" data-element_type=\"widget\" data-e-type=\"widget\" data-widget_type=\"heading.default\">\n\t\t\t\t\t<h1 class=\"elementor-heading-title elementor-size-default\">Imprint<\/h1>\t\t\t\t<\/div>\n\t\t<div data-dp-seasons=\"sommer,winter\" class=\"elementor-element elementor-element-8d97cda e-con-full e-flex e-con e-child\" data-id=\"8d97cda\" data-element_type=\"container\" data-e-type=\"container\">\n\t\t\t\t<div data-dp-seasons=\"sommer,winter\" class=\"elementor-element elementor-element-274cf8a3 elementor-widget elementor-widget-heading\" data-id=\"274cf8a3\" data-element_type=\"widget\" data-e-type=\"widget\" data-widget_type=\"heading.default\">\n\t\t\t\t\t<h2 class=\"elementor-heading-title elementor-size-default\">Media owner and proprietor<\/h2>\t\t\t\t<\/div>\n\t\t\t\t<div data-dp-seasons=\"sommer,winter\" class=\"elementor-element elementor-element-69702219 elementor-widget elementor-widget-text-editor\" data-id=\"69702219\" data-element_type=\"widget\" data-e-type=\"widget\" data-widget_type=\"text-editor.default\">\n\t\t\t\t\t\t\t\t\t<p><strong>Company:<\/strong> Gro\u00dfarler Bergbahnen GmbH &amp; Co KG<br><strong>Address:<\/strong> Unterbergstra\u00dfe 48, 5611 Gro\u00dfarl<br><strong>Legal form:<\/strong> GmbH<br><strong>Tel.:<\/strong> <a href=\"tel:+436414280\">+43 6414 280<\/a><br><strong>Mail:<\/strong> <a href=\"mailto:info@grossarler-bb.at\">info@grossarler-bb.at<\/a> <br><strong>Management:<\/strong> Christoph Paulweber<\/p><p><strong>VAT number:<\/strong> ATU 35372707<br><strong>Company registration number:<\/strong> FN 27830b<br><strong>Commercial register court:<\/strong> Regional Court Salzburg<br><strong>Business purpose:<\/strong> Operation of cable cars<br><strong>Authority according to ECG (E-Commerce Act): <\/strong>  District Commission St. Johann im Pongau<br><strong>Member of the Austrian Federal Economic Chamber:<\/strong> Salzburg Chamber of Commerce<br><strong>Professional group:<\/strong> Cable cars<\/p>\t\t\t\t\t\t\t\t<\/div>\n\t\t\t\t<\/div>\n\t\t<div data-dp-seasons=\"sommer,winter\" class=\"elementor-element elementor-element-2efdfb1 e-con-full e-flex e-con e-child\" data-id=\"2efdfb1\" data-element_type=\"container\" data-e-type=\"container\">\n\t\t\t\t<div data-dp-seasons=\"sommer,winter\" class=\"elementor-element elementor-element-a95e137 elementor-widget elementor-widget-heading\" data-id=\"a95e137\" data-element_type=\"widget\" data-e-type=\"widget\" data-widget_type=\"heading.default\">\n\t\t\t\t\t<h2 class=\"elementor-heading-title elementor-size-default\">Legal notice<\/h2>\t\t\t\t<\/div>\n\t\t\t\t<div data-dp-seasons=\"sommer,winter\" class=\"elementor-element elementor-element-3097d16 elementor-widget elementor-widget-text-editor\" data-id=\"3097d16\" data-element_type=\"widget\" data-e-type=\"widget\" data-widget_type=\"text-editor.default\">\n\t\t\t\t\t\t\t\t\t<p>The media owner is not responsible for the content of external websites. Illustrations, information, and data on the websites <a href=\"https:\/\/www.grossarler-bergbahnen.at\/en\/\">www.grossarler-bergbahnen.at<\/a> do not constitute any implicit guarantee of any kind. Changes or improvements are possible at any time. Despite careful content control, we assume no liability for the content of external links. The operators of the linked pages are solely responsible for their content.    <\/p>\t\t\t\t\t\t\t\t<\/div>\n\t\t\t\t<\/div>\n\t\t<div data-dp-seasons=\"sommer,winter\" class=\"elementor-element elementor-element-85cd66d e-con-full e-flex e-con e-child\" data-id=\"85cd66d\" data-element_type=\"container\" data-e-type=\"container\">\n\t\t\t\t<div data-dp-seasons=\"sommer,winter\" class=\"elementor-element elementor-element-26835fa elementor-widget elementor-widget-heading\" data-id=\"26835fa\" data-element_type=\"widget\" data-e-type=\"widget\" data-widget_type=\"heading.default\">\n\t\t\t\t\t<h2 class=\"elementor-heading-title elementor-size-default\">Concept, Design &amp; Programming<\/h2>\t\t\t\t<\/div>\n\t\t\t\t<div data-dp-seasons=\"sommer,winter\" class=\"elementor-element elementor-element-7231d1a elementor-widget elementor-widget-text-editor\" data-id=\"7231d1a\" data-element_type=\"widget\" data-e-type=\"widget\" data-widget_type=\"text-editor.default\">\n\t\t\t\t\t\t\t\t\t<p><span data-contrast=\"auto\">This website was created by <\/span><a href=\"https:\/\/www.doppelpack.com\/\" target=\"_blank\" rel=\"noopener noreferrer nofollow\"><span data-contrast=\"auto\">doppelpack.com<\/span><\/a><span data-contrast=\"auto\">  , an expert for your successful online presence. The conception, production, and online marketing are aligned with a common strategy aimed at success: website, marketing, and monitoring work hand in hand to convert visitors into guests\/customers. The website offers three essential elements: information, emotions, and clear calls to action. In conjunction with a user-friendly web design that complies with Google Webmaster Guidelines, the website forms the ideal basis for effective online marketing and     <\/span><a href=\"https:\/\/www.doppelpack.com\/website\/suchmaschinen-marketing\/\" target=\"_blank\" rel=\"noopener noreferrer nofollow\"><span data-contrast=\"auto\">search engine optimization<\/span><\/a><span data-contrast=\"auto\">.<\/span> <\/p><p><strong>Doppelpack Werbeagentur OG<\/strong><br>Stadtplatz 1<br>A-5550 Radstadt<br>Tel.: <a href=\"tel:0043645220220\">+43 (0)6452 20220<\/a><br><a href=\"mailto:office@doppelpack.com\">office@doppelpack.com<\/a><br><a href=\"https:\/\/www.doppelpack.com\/\" target=\"_blank\" rel=\"noopener\">www.doppelpack.com<\/a><\/p>\t\t\t\t\t\t\t\t<\/div>\n\t\t\t\t<\/div>\n\t\t<div data-dp-seasons=\"sommer,winter\" class=\"elementor-element elementor-element-8904c35 e-con-full e-flex e-con e-child\" data-id=\"8904c35\" data-element_type=\"container\" data-e-type=\"container\">\n\t\t\t\t<div data-dp-seasons=\"sommer,winter\" class=\"elementor-element elementor-element-324d888 elementor-widget elementor-widget-heading\" data-id=\"324d888\" data-element_type=\"widget\" data-e-type=\"widget\" data-widget_type=\"heading.default\">\n\t\t\t\t\t<h2 class=\"elementor-heading-title elementor-size-default\">Copyrights<\/h2>\t\t\t\t<\/div>\n\t\t\t\t<div data-dp-seasons=\"sommer,winter\" class=\"elementor-element elementor-element-c83aeee elementor-widget elementor-widget-text-editor\" data-id=\"c83aeee\" data-element_type=\"widget\" data-e-type=\"widget\" data-widget_type=\"text-editor.default\">\n\t\t\t\t\t\t\t\t\t<p>The content of this website is protected by copyright. The provision of content and images from this website on other websites is only permitted with the express permission of the editorial team. The information contained on this website is created to the best of our knowledge and checked for accuracy with great care. Nevertheless, content and factual errors cannot be completely ruled out.   <\/p><p>Gro\u00dfarler Bergbahnen GmbH &amp; Co KG assumes no guarantee or liability for the correctness, topicality, and completeness of the information provided. All information is without guarantee. This also applies to all links to other URLs mentioned on our website.  <\/p>\t\t\t\t\t\t\t\t<\/div>\n\t\t\t\t<\/div>\n\t\t<div data-dp-seasons=\"sommer,winter\" class=\"elementor-element elementor-element-5df911a e-con-full e-flex e-con e-child\" data-id=\"5df911a\" data-element_type=\"container\" data-e-type=\"container\">\n\t\t\t\t<div data-dp-seasons=\"sommer,winter\" class=\"elementor-element elementor-element-a95f029 elementor-widget elementor-widget-heading\" data-id=\"a95f029\" data-element_type=\"widget\" data-e-type=\"widget\" data-widget_type=\"heading.default\">\n\t\t\t\t\t<h2 class=\"elementor-heading-title elementor-size-default\">Image credits<\/h2>\t\t\t\t<\/div>\n\t\t\t\t<div data-dp-seasons=\"sommer,winter\" class=\"elementor-element elementor-element-9d243ed elementor-widget elementor-widget-text-editor\" data-id=\"9d243ed\" data-element_type=\"widget\" data-e-type=\"widget\" data-widget_type=\"text-editor.default\">\n\t\t\t\t\t\t\t\t\t<ul><li>Gro\u00dfarler Bergbahnen GmbH &amp; Co KG<\/li><li>Gro\u00dfarltal Tourist Board<\/li><li><span data-olk-copy-source=\"MessageBody\">Chris Rogl<\/span><\/li><li><span data-ogsc=\"red\" data-olk-copy-source=\"MessageBody\">Salzburgerland Heiko Mandl<\/span><\/li><li>Erwin Haiden<\/li><li>Christian Riefenberg QParks<\/li><li><span data-ogsc=\"red\" data-olk-copy-source=\"MessageBody\">Lorenz Masser<\/span><\/li><li>Freepik<\/li><li>Shutterstock<\/li><\/ul>\t\t\t\t\t\t\t\t<\/div>\n\t\t\t\t<\/div>\n\t\t<div data-dp-seasons=\"sommer,winter\" class=\"elementor-element elementor-element-6ed5cfe e-con-full e-flex e-con e-child\" data-id=\"6ed5cfe\" data-element_type=\"container\" data-e-type=\"container\">\n\t\t\t\t<div data-dp-seasons=\"sommer,winter\" class=\"elementor-element elementor-element-50eb2bb elementor-widget elementor-widget-heading\" data-id=\"50eb2bb\" data-element_type=\"widget\" data-e-type=\"widget\" data-widget_type=\"heading.default\">\n\t\t\t\t\t<h2 class=\"elementor-heading-title elementor-size-default\">Privacy &amp; Cookies<\/h2>\t\t\t\t<\/div>\n\t\t\t\t<div data-dp-seasons=\"sommer,winter\" class=\"elementor-element elementor-element-58e4c8c elementor-widget elementor-widget-text-editor\" data-id=\"58e4c8c\" data-element_type=\"widget\" data-e-type=\"widget\" data-widget_type=\"text-editor.default\">\n\t\t\t\t\t\t\t\t\t<p>Please read our <a href=\"https:\/\/www.grossarler-bergbahnen.at\/en\/privacy-policy\/\">Privacy Policy<\/a>.<\/p>\t\t\t\t\t\t\t\t<\/div>\n\t\t\t\t<\/div>\n\t\t\t\t\t<\/div>\n\t\t\t\t<\/div>\n\t\t\t\t<\/div>\n\t\t\t\t<\/div>\n\t\t","protected":false},"excerpt":{"rendered":"<p>Imprint Media owner and proprietor Company: Gro\u00dfarler Bergbahnen GmbH &amp; Co KGAddress: Unterbergstra\u00dfe 48, 5611 Gro\u00dfarlLegal form: GmbHTel.: +43 6414 280Mail: info@grossarler-bb.at Management: Christoph Paulweber VAT number: ATU 35372707Company registration number: FN 27830bCommercial register court: Regional Court SalzburgBusiness purpose: Operation of cable carsAuthority according to ECG (E-Commerce Act): District Commission St. Johann im PongauMember of [&hellip;]<\/p>\n","protected":false},"author":12,"featured_media":0,"parent":0,"menu_order":100,"comment_status":"closed","ping_status":"closed","template":"","meta":{"_acf_changed":false,"footnotes":""},"class_list":["post-11868","page","type-page","status-publish","hentry"],"acf":[],"publishpress_future_action":{"enabled":false,"date":"2026-05-19 13:58:45","action":"change-status","newStatus":"draft","terms":[],"taxonomy":"translation_priority","extraData":[]},"publishpress_future_workflow_manual_trigger":{"enabledWorkflows":[]},"_links":{"self":[{"href":"https:\/\/www.grossarler-bergbahnen.at\/en\/wp-json\/wp\/v2\/pages\/11868","targetHints":{"allow":["GET"]}}],"collection":[{"href":"https:\/\/www.grossarler-bergbahnen.at\/en\/wp-json\/wp\/v2\/pages"}],"about":[{"href":"https:\/\/www.grossarler-bergbahnen.at\/en\/wp-json\/wp\/v2\/types\/page"}],"author":[{"embeddable":true,"href":"https:\/\/www.grossarler-bergbahnen.at\/en\/wp-json\/wp\/v2\/users\/12"}],"replies":[{"embeddable":true,"href":"https:\/\/www.grossarler-bergbahnen.at\/en\/wp-json\/wp\/v2\/comments?post=11868"}],"version-history":[{"count":5,"href":"https:\/\/www.grossarler-bergbahnen.at\/en\/wp-json\/wp\/v2\/pages\/11868\/revisions"}],"predecessor-version":[{"id":14018,"href":"https:\/\/www.grossarler-bergbahnen.at\/en\/wp-json\/wp\/v2\/pages\/11868\/revisions\/14018"}],"wp:attachment":[{"href":"https:\/\/www.grossarler-bergbahnen.at\/en\/wp-json\/wp\/v2\/media?parent=11868"}],"curies":[{"name":"wp","href":"https:\/\/api.w.org\/{rel}","templated":true}]}}